{"id":2782,"date":"2025-03-18T13:18:10","date_gmt":"2025-03-18T12:18:10","guid":{"rendered":"https:\/\/kusthotelletstyrso.se\/our-history\/"},"modified":"2026-02-08T18:35:46","modified_gmt":"2026-02-08T17:35:46","slug":"our-history","status":"publish","type":"page","link":"https:\/\/www.kusthotelletstyrso.se\/en\/our-history\/","title":{"rendered":"Our history"},"content":{"rendered":"<div id=\"\" data-block-id=\"6ed710da-b0dc-41e5-9442-672f6531d2ab\" data-section-title=\"\" class=\"haj-section haj-relative block-editor-block-list__block wp-block block-editor-block-list__block wp-block wp-block-haj-section-block has-background-image has-black-background-color haj-height-70vh offset-menu haj-width-1280 offset-menu haj-flex-wrap haj-flex-middle has-transparent-header haj-height-expand haj-height-expand@m haj-height-expand@s has-background-image   \">\n            <img decoding=\"async\" src=\"https:\/\/kusthotelletstyrso.se\/wp-content\/uploads\/2025\/02\/409A2362.jpg\" alt=\"\" class=\"haj-background-image\" \/>\n   \n   \n\n<div class=\"wp-block-columns has-white-color has-text-color has-link-color wp-elements-2a589634474c0d7779e086fcca70944e is-layout-flex wp-container-core-columns-is-layout-28f84493 wp-block-columns-is-layout-flex\">\n<div class=\"wp-block-column is-layout-flow wp-block-column-is-layout-flow\"><\/div>\n\n\n\n<div class=\"wp-block-column is-layout-flow wp-block-column-is-layout-flow\"><\/div>\n<\/div>\n\n   <\/div><div id=\"\" data-block-id=\"262b1947-7215-4857-be60-1e2fb6c11097\" data-section-title=\"\" class=\"haj-section haj-relative block-editor-block-list__block wp-block block-editor-block-list__block wp-block has-child-selected offset-content-section wp-block-haj-section-block has-sand-background-color haj-height-auto offset-menu haj-width-1280 offset-menu haj-flex-wrap haj-flex-middle haj-height-expand haj-height-expand@m haj-height-expand@s   haj-hidden@s \">\n   \n   \n\n<div class=\"wp-block-columns are-vertically-aligned-center has-dansk-sand-color has-light-sand-background-color has-text-color has-background has-link-color wp-elements-50ebfc75c3e9a37f17adf7a0971abe0f is-layout-flex wp-container-core-columns-is-layout-56daa9ea wp-block-columns-is-layout-flex\" style=\"border-top-color:var(--wp--preset--color--nejlika);border-top-width:2px;border-right-color:var(--wp--preset--color--nejlika);border-right-width:2px;border-bottom-style:none;border-bottom-width:0px;border-left-color:var(--wp--preset--color--nejlika);border-left-width:2px;padding-top:var(--wp--preset--spacing--60);padding-bottom:var(--wp--preset--spacing--40)\">\n<div class=\"wp-block-column is-vertically-aligned-center is-layout-flow wp-block-column-is-layout-flow\">\n<h1 class=\"wp-block-heading has-text-align-center has-medium-heading-font-size\" style=\"margin-bottom:var(--wp--preset--spacing--20)\">A historic place for recuperation<\/h1>\n\n\n\n<div class=\"wp-block-group has-global-padding is-layout-constrained wp-container-core-group-is-layout-ac329614 wp-block-group-is-layout-constrained\">\n<p class=\"has-text-align-center has-body-font-family has-small-font-size\">Kusthotellet Styrs\u00f6 is part of a long and rich tradition stretching back to the end of the 19th century, when the island established itself as one of Sweden\u2019s first health resorts. In 1893 Styrs\u00f6 Havsbad was opened, and the island quickly became a popular destination for health travellers. People came from far and wide to enjoy the famous sea bathing, which was said to strengthen both body and soul. The health resort became known for its modern facilities and ability to create a milieu characterised by recuperation and fellowship.   <\/p>\n<\/div>\n<\/div>\n<\/div>\n\n\n\n<div class=\"wp-block-columns are-vertically-aligned-center has-dansk-sand-color has-light-sand-background-color has-text-color has-background has-link-color wp-elements-76f79da3a1aade739a25b0c0c7a978df is-layout-flex wp-container-core-columns-is-layout-c127b44a wp-block-columns-is-layout-flex\" style=\"border-right-color:var(--wp--preset--color--nejlika);border-right-width:2px;border-left-color:var(--wp--preset--color--nejlika);border-left-width:2px;padding-top:0;padding-bottom:var(--wp--preset--spacing--50)\">\n<div class=\"wp-block-column is-vertically-aligned-center is-layout-flow wp-block-column-is-layout-flow\">\n<figure class=\"wp-block-image size-large is-resized\"><img decoding=\"async\" src=\"https:\/\/kusthotelletstyrso.se\/wp-content\/uploads\/2025\/02\/SOME-flode-11-12.png\" alt=\"\" style=\"aspect-ratio:1;object-fit:cover;width:556px;height:auto\"\/><\/figure>\n<\/div>\n\n\n\n<div class=\"wp-block-column is-vertically-aligned-center is-layout-flow wp-block-column-is-layout-flow\">\n<figure class=\"wp-block-image size-full is-resized\"><img decoding=\"async\" width=\"2000\" height=\"1125\" src=\"https:\/\/kusthotelletstyrso.se\/wp-content\/uploads\/2025\/09\/Kusthotellet-bild.jpg\" alt=\"\" class=\"wp-image-3200\" style=\"aspect-ratio:1;object-fit:cover;width:556px\" srcset=\"https:\/\/www.kusthotelletstyrso.se\/wp-content\/uploads\/2025\/09\/Kusthotellet-bild.jpg 2000w, https:\/\/www.kusthotelletstyrso.se\/wp-content\/uploads\/2025\/09\/Kusthotellet-bild-300x169.jpg 300w, https:\/\/www.kusthotelletstyrso.se\/wp-content\/uploads\/2025\/09\/Kusthotellet-bild-1024x576.jpg 1024w, https:\/\/www.kusthotelletstyrso.se\/wp-content\/uploads\/2025\/09\/Kusthotellet-bild-768x432.jpg 768w, https:\/\/www.kusthotelletstyrso.se\/wp-content\/uploads\/2025\/09\/Kusthotellet-bild-1536x864.jpg 1536w\" sizes=\"(max-width: 2000px) 100vw, 2000px\" \/><\/figure>\n<\/div>\n<\/div>\n\n\n\n<div class=\"wp-block-columns are-vertically-aligned-center column-reverse has-dansk-sand-color has-light-sand-background-color has-text-color has-background has-link-color wp-elements-acad74f21b0e4c66763117d4054cd31b is-layout-flex wp-container-core-columns-is-layout-5a2838f4 wp-block-columns-is-layout-flex\" style=\"border-right-color:var(--wp--preset--color--nejlika);border-right-width:2px;border-left-color:var(--wp--preset--color--nejlika);border-left-width:2px;padding-top:0;padding-bottom:var(--wp--preset--spacing--50)\">\n<div class=\"wp-block-column is-vertically-aligned-center has-global-padding is-layout-constrained wp-container-core-column-is-layout-ac329614 wp-block-column-is-layout-constrained\">\n<h2 class=\"wp-block-heading has-text-align-center\" style=\"margin-bottom:var(--wp--preset--spacing--20)\">From the past to the present<\/h2>\n\n\n\n<p class=\"has-text-align-center\">At the start of the 20th century Styrs\u00f6 also played an important role in the care of children with tuberculosis. Doctor Peter Silfverski\u00f6ld, a prominent physician and pioneer in the rehabilitation of patients with tuberculosis, saw the potential in the island\u2019s clean sea air and lovely places for rest and recuperation. Under his leadership nursing homes and sanatoriums were established on the island, where children received nutritious food, rest and fresh air \u2013 factors that were then thought to be crucial in fighting the disease.  <br\/><br\/>Silfverski\u00f6lds work was characterised by care and innovation, and many children got the chance to recuperate here at a time when medical treatments were limited. Styrs\u00f6\u2019s role as a place for hope and healing is firmly etched in history, and Silfverski\u00f6ld\u2019s efforts are still an important part of the island\u2019s heritage. <br\/><br\/>This long tradition of health and wellbeing lives on at Kusthotellet Styrs\u00f6. Havskuren, the hotel\u2019s wellness area, offers a harmonious combination of nature\u2019s calm and modern comfort. You can experience peace here and the healing power of the archipelago, in a setting where the presence of the past can be felt in the walls. Whether you\u2019re looking for relaxation, inspiration or a unique archipelago experience, we welcome you here to create new memories, in this historic venue.   <\/p>\n<\/div>\n<\/div>\n\n\n\n<div class=\"wp-block-columns are-vertically-aligned-center column-reverse has-dansk-sand-color has-light-sand-background-color has-text-color has-background has-link-color wp-elements-9fb45060c3794a34df2428836feaedaa is-layout-flex wp-container-core-columns-is-layout-28f84493 wp-block-columns-is-layout-flex\" style=\"border-right-color:var(--wp--preset--color--nejlika);border-right-width:2px;border-left-color:var(--wp--preset--color--nejlika);border-left-width:2px\">\n<div class=\"wp-block-column is-layout-flow wp-block-column-is-layout-flow\">\n<hr class=\"wp-block-separator has-text-color has-lava-color has-alpha-channel-opacity has-lava-background-color has-background is-style-wide\"\/>\n<\/div>\n<\/div>\n\n\n\n<div class=\"wp-block-columns haj-columns has-dansk-sand-color has-light-sand-background-color has-text-color has-background has-link-color wp-elements-b8a6467a196cdda9b589801e61e2283e is-layout-flex wp-container-core-columns-is-layout-d2ea670e wp-block-columns-is-layout-flex\" id=\"kontakta-oss\" style=\"border-right-color:var(--wp--preset--color--nejlika);border-right-width:2px;border-bottom-color:var(--wp--preset--color--nejlika);border-bottom-width:2px;border-left-color:var(--wp--preset--color--nejlika);border-left-width:2px;padding-top:var(--wp--preset--spacing--50);padding-bottom:var(--wp--preset--spacing--50)\">\n<div class=\"wp-block-column is-layout-flow wp-block-column-is-layout-flow\">\n<h2 class=\"wp-block-heading\">Contact us<\/h2>\n\n\n\n<p>Contact us using the form or via the details below &#8211; and we will get back to you shortly.<\/p>\n\n\n\n<div class=\"wp-block-group is-layout-grid wp-container-core-group-is-layout-cbb25615 wp-block-group-is-layout-grid\" style=\"margin-top:var(--wp--preset--spacing--10);margin-bottom:var(--wp--preset--spacing--10)\">\n<div class=\"wp-block-group is-vertical is-layout-flex wp-container-core-group-is-layout-4b827052 wp-block-group-is-layout-flex\">\n<div class=\"wp-block-group is-nowrap is-layout-flex wp-container-core-group-is-layout-37505225 wp-block-group-is-layout-flex\">\n<figure class=\"wp-block-image size-full is-resized\" style=\"margin-top:7px\"><img decoding=\"async\" src=\"https:\/\/kusthotelletstyrso.se\/wp-content\/uploads\/2025\/08\/phone-lava.svg\" alt=\"\" class=\"wp-image-3057\" style=\"width:26px\"\/><\/figure>\n\n\n\n<p class=\"has-large-font-size\" style=\"margin-top:var(--wp--preset--spacing--10);margin-bottom:8px;font-style:normal;font-weight:500\">Phone<\/p>\n<\/div>\n\n\n\n<p style=\"text-decoration:underline\"><a href=\"tel:+4631-273800\">031-27 38 00<\/a><\/p>\n<\/div>\n\n\n\n<div class=\"wp-block-group is-vertical is-layout-flex wp-container-core-group-is-layout-4b827052 wp-block-group-is-layout-flex\">\n<div class=\"wp-block-group is-nowrap is-layout-flex wp-container-core-group-is-layout-be2ef28a wp-block-group-is-layout-flex\">\n<figure class=\"wp-block-image size-full\" style=\"margin-top:5px\"><img decoding=\"async\" src=\"https:\/\/kusthotelletstyrso.se\/wp-content\/uploads\/2024\/10\/email-icon-lava.svg\" alt=\"\" class=\"wp-image-347\"\/><\/figure>\n\n\n\n<p class=\"has-large-font-size\" style=\"margin-top:var(--wp--preset--spacing--10);margin-bottom:8px;font-style:normal;font-weight:500\">E-mail<\/p>\n<\/div>\n\n\n\n<p style=\"text-decoration:underline\"><a href=\"mailto:hello@kusthotelletstyrso.se\">hello@kusthotelletstyrso.se<\/a><\/p>\n<\/div>\n\n\n\n<div class=\"wp-block-group is-vertical is-layout-flex wp-container-core-group-is-layout-4b827052 wp-block-group-is-layout-flex\">\n<div class=\"wp-block-group is-nowrap is-layout-flex wp-container-core-group-is-layout-e4830150 wp-block-group-is-layout-flex\">\n<figure class=\"wp-block-image size-full\"><img decoding=\"async\" src=\"https:\/\/kusthotelletstyrso.se\/wp-content\/uploads\/2024\/10\/map-marker-lava.svg\" alt=\"\" class=\"wp-image-350\"\/><\/figure>\n\n\n\n<p class=\"has-large-font-size\" style=\"margin-top:var(--wp--preset--spacing--10);margin-bottom:8px;font-style:normal;font-weight:500\">Address<\/p>\n<\/div>\n\n\n\n<p>Sk\u00e4retv\u00e4gen 53, Styrs\u00f6<\/p>\n<\/div>\n<\/div>\n\n\n\n<iframe src=\"https:\/\/www.google.com\/maps\/embed?pb=!1m18!1m12!1m3!1d2137.4364972546846!2d11.786745177181764!3d57.60705924766977!2m3!1f0!2f0!3f0!3m2!1i1024!2i768!4f13.1!3m3!1m2!1s0x464f935774f18041%3A0xed14d6d7dd96dcbc!2sKusthotellet%20Styrs%C3%B6!5e0!3m2!1sen!2sse!4v1738831455526!5m2!1sen!2sse\" width=\"100%\" height=\"310\" style=\"border:0;\" allowfullscreen=\"\" loading=\"lazy\" referrerpolicy=\"no-referrer-when-downgrade\"><\/iframe>\n<\/div>\n\n\n\n<div class=\"wp-block-column is-layout-flow wp-block-column-is-layout-flow\"><div class=\"frm_forms  with_frm_style frm_style_kontaktformulars-stilmall-2-0\" id=\"frm_form_1_container\" data-token=\"3fde96cc6a8e8478f9a8e21a21eda417\">\n<form enctype=\"multipart\/form-data\" method=\"post\" class=\"frm-show-form  frm_pro_form \" id=\"form_kontakt-form\" data-token=\"3fde96cc6a8e8478f9a8e21a21eda417\">\n<div class=\"frm_form_fields \">\n<fieldset>\n<legend class=\"frm_screen_reader\">Contact<\/legend>\r\n\r\n<div class=\"frm_fields_container\">\n<input type=\"hidden\" name=\"frm_action\" value=\"create\" \/>\n<input type=\"hidden\" name=\"form_id\" value=\"1\" \/>\n<input type=\"hidden\" name=\"frm_hide_fields_1\" id=\"frm_hide_fields_1\" value=\"\" \/>\n<input type=\"hidden\" name=\"form_key\" value=\"kontakt-form\" \/>\n<input type=\"hidden\" name=\"item_meta[0]\" value=\"\" \/>\n<input type=\"hidden\" id=\"frm_submit_entry_1\" name=\"frm_submit_entry_1\" value=\"785fc9c861\" \/><input type=\"hidden\" name=\"_wp_http_referer\" value=\"\/en\/wp-json\/wp\/v2\/pages\/2782\" \/><div id=\"frm_field_1_container\" class=\"frm_form_field form-field  frm_required_field frm_top_container frm12 frm_first\">\r\n\t<label for=\"field_qh4icy\" id=\"field_qh4icy_label\" class=\"frm_primary_label\">Name\r\n\t\t<span class=\"frm_required\" aria-hidden=\"true\">*<\/span>\r\n\t<\/label>\r\n\t<input  type=\"text\" id=\"field_qh4icy\" name=\"item_meta[1]\" value=\"\"  data-reqmsg=\"Name cannot be empty.\" aria-required=\"true\" data-invmsg=\"Name is invalid\" aria-invalid=\"false\"   \/>\r\n\t\r\n\t\r\n<\/div>\n<div id=\"frm_field_3_container\" class=\"frm_form_field form-field  frm_required_field frm_top_container frm12 frm_first\">\r\n\t<label for=\"field_29yf4d\" id=\"field_29yf4d_label\" class=\"frm_primary_label\">E-mail address\r\n\t\t<span class=\"frm_required\" aria-hidden=\"true\">*<\/span>\r\n\t<\/label>\r\n\t<input type=\"email\" id=\"field_29yf4d\" name=\"item_meta[3]\" value=\"\"  data-reqmsg=\"E-mail address cannot be empty.\" aria-required=\"true\" data-invmsg=\"Please enter a valid email address\" aria-invalid=\"false\"  \/>\r\n\t\r\n\t\r\n<\/div>\n<div id=\"frm_field_19_container\" class=\"frm_form_field form-field  frm_required_field frm_top_container frm12 frm_first\">\r\n\t<label for=\"field_pw1q6\" id=\"field_pw1q6_label\" class=\"frm_primary_label\">Phone\r\n\t\t<span class=\"frm_required\" aria-hidden=\"true\">*<\/span>\r\n\t<\/label>\r\n\t<input type=\"tel\" id=\"field_pw1q6\" name=\"item_meta[19]\" value=\"\"  data-reqmsg=\"Phone cannot be empty.\" aria-required=\"true\" data-invmsg=\"Phone is invalid.\" aria-invalid=\"false\" pattern=\"((\\+\\d{1,3}(-|.| )?\\(?\\d\\)?(-| |.)?\\d{1,5})|(\\(?\\d{2,6}\\)?))(-|.| )?(\\d{3,4})(-|.| )?(\\d{4})(( x| ext)\\d{1,5}){0,1}$\"  \/>\r\n\t\r\n\t\r\n<\/div>\n<div id=\"frm_field_5_container\" class=\"frm_form_field form-field  frm_required_field frm_top_container frm_full\">\r\n\t<label for=\"field_9jv0r1\" id=\"field_9jv0r1_label\" class=\"frm_primary_label\">Message\r\n\t\t<span class=\"frm_required\" aria-hidden=\"true\">*<\/span>\r\n\t<\/label>\r\n\t<textarea name=\"item_meta[5]\" id=\"field_9jv0r1\" rows=\"5\"  placeholder=\"Write your message...\" data-reqmsg=\"Message cannot be empty.\" aria-required=\"true\" data-invmsg=\"Message is invalid\" aria-invalid=\"false\"  ><\/textarea>\r\n\t\r\n\t\r\n<\/div>\n<div id=\"frm_field_7_container\" class=\"frm_form_field form-field  frm_required_field frm_none_container frm12 frm_first vertical_radio\">\r\n\t<div  id=\"field_2dhg2_label\" class=\"frm_primary_label\">Terms &amp; Conditions\r\n\t\t<span class=\"frm_required\" aria-hidden=\"true\">*<\/span>\r\n\t<\/div>\r\n\t<div class=\"frm_opt_container\" aria-labelledby=\"field_2dhg2_label\" role=\"group\">\t\t<div class=\"frm_checkbox\" id=\"frm_checkbox_7-0\">\t\t\t<label  for=\"field_2dhg2-0\">\n\t\t\t<input type=\"checkbox\" name=\"item_meta[7][]\" id=\"field_2dhg2-0\" value=\"Jag accepterar &lt;a href=&quot;\/integritetspolicy&quot;&gt;Villkoren&lt;\/a&gt;\"  data-reqmsg=\"Terms &amp; Conditions must be acctepted.\" data-invmsg=\"Terms &amp; Conditions is invalid\"   aria-required=\"true\"  \/> I accept the <a href=\"\/en\/privacy-policy\">Terms &amp; Conditions<\/a>\t<\/label><\/div>\n<\/div>\r\n\t\r\n\t\r\n<\/div>\n<div id=\"frm_field_8_container\" class=\"frm_form_field form-field  frm_none_container frm12 frm_first\">\r\n\t<label for=\"g-recaptcha-response\" id=\"field_5t386_label\" class=\"frm_primary_label\">Captcha\r\n\t\t<span class=\"frm_required\" aria-hidden=\"true\"><\/span>\r\n\t<\/label>\r\n\t<div  id=\"field_5t386\" class=\"frm-g-recaptcha\" data-sitekey=\"6Le7wCIrAAAAAJNHAQAT2URcFjjZ0s82CP79SusS\" data-size=\"invisible\" data-theme=\"light\"><\/div>\r\n\t\r\n\t\r\n<\/div>\n<div id=\"frm_field_6_container\" class=\"frm_form_field form-field \">\r\n\t<div class=\"frm_submit frm_flex\">\r\n<button class=\"frm_button_submit frm_final_submit\" type=\"submit\"   formnovalidate=\"formnovalidate\">SEND MESSAGE<\/button>\r\n\r\n\r\n\r\n<\/div>\r\n<\/div>\n\t<input type=\"hidden\" name=\"item_key\" value=\"\" \/>\n\t\t\t<div id=\"frm_field_57_container\">\n\t\t\t<label for=\"field_xbwzl\" >\n\t\t\t\tIf you are human, leave this field blank.\t\t\t<\/label>\n\t\t\t<input  id=\"field_xbwzl\" type=\"text\" class=\"frm_form_field form-field frm_verify\" name=\"item_meta[57]\" value=\"\"  \/>\n\t\t<\/div>\n\t\t<input name=\"frm_state\" type=\"hidden\" value=\"vgNHJeoSxNnZvfZbegAwd12ak9UVQ1vUBIhnCv1uuS+qVoQ8cWWUwxCoRyODAYx+\" \/><\/div>\n<\/fieldset>\n<\/div>\n\n<\/form>\n<\/div>\n<\/div>\n<\/div>\n\n   <\/div>","protected":false},"excerpt":{"rendered":"","protected":false},"author":2,"featured_media":0,"parent":0,"menu_order":0,"comment_status":"closed","ping_status":"closed","template":"","meta":{"_acf_changed":false,"footnotes":""},"class_list":["post-2782","page","type-page","status-publish","hentry"],"acf":[],"yoast_head":"<!-- This site is optimized with the Yoast SEO plugin v27.5 - https:\/\/yoast.com\/product\/yoast-seo-wordpress\/ -->\n<title>Our history - Kusthotellet Styrs\u00f6<\/title>\n<meta name=\"robots\" content=\"index, follow, max-snippet:-1, max-image-preview:large, max-video-preview:-1\" \/>\n<link rel=\"canonical\" href=\"https:\/\/www.kusthotelletstyrso.se\/en\/our-history\/\" \/>\n<meta property=\"og:locale\" content=\"en_US\" \/>\n<meta property=\"og:type\" content=\"article\" \/>\n<meta property=\"og:title\" content=\"Our history - Kusthotellet Styrs\u00f6\" \/>\n<meta property=\"og:url\" content=\"https:\/\/www.kusthotelletstyrso.se\/en\/our-history\/\" \/>\n<meta property=\"og:site_name\" content=\"Kusthotellet Styrs\u00f6\" \/>\n<meta property=\"article:publisher\" content=\"https:\/\/www.facebook.com\/people\/Kusthotellet-Styrs\/61559885955403\/\" \/>\n<meta property=\"article:modified_time\" content=\"2026-02-08T17:35:46+00:00\" \/>\n<meta property=\"og:image\" content=\"https:\/\/kusthotelletstyrso.se\/wp-content\/uploads\/2025\/02\/SOME-flode-11-12.png\" \/>\n<meta name=\"twitter:card\" content=\"summary_large_image\" \/>\n<meta name=\"twitter:label1\" content=\"Est. reading time\" \/>\n\t<meta name=\"twitter:data1\" content=\"2 minutes\" \/>\n<script type=\"application\/ld+json\" class=\"yoast-schema-graph\">{\"@context\":\"https:\\\/\\\/schema.org\",\"@graph\":[{\"@type\":\"WebPage\",\"@id\":\"https:\\\/\\\/www.kusthotelletstyrso.se\\\/en\\\/our-history\\\/\",\"url\":\"https:\\\/\\\/www.kusthotelletstyrso.se\\\/en\\\/our-history\\\/\",\"name\":\"Our history - Kusthotellet Styrs\u00f6\",\"isPartOf\":{\"@id\":\"http:\\\/\\\/www.kusthotelletstyrso.se\\\/en\\\/#website\"},\"primaryImageOfPage\":{\"@id\":\"https:\\\/\\\/www.kusthotelletstyrso.se\\\/en\\\/our-history\\\/#primaryimage\"},\"image\":{\"@id\":\"https:\\\/\\\/www.kusthotelletstyrso.se\\\/en\\\/our-history\\\/#primaryimage\"},\"thumbnailUrl\":\"https:\\\/\\\/kusthotelletstyrso.se\\\/wp-content\\\/uploads\\\/2025\\\/02\\\/SOME-flode-11-12.png\",\"datePublished\":\"2025-03-18T12:18:10+00:00\",\"dateModified\":\"2026-02-08T17:35:46+00:00\",\"breadcrumb\":{\"@id\":\"https:\\\/\\\/www.kusthotelletstyrso.se\\\/en\\\/our-history\\\/#breadcrumb\"},\"inLanguage\":\"en-US\",\"potentialAction\":[{\"@type\":\"ReadAction\",\"target\":[\"https:\\\/\\\/www.kusthotelletstyrso.se\\\/en\\\/our-history\\\/\"]}]},{\"@type\":\"ImageObject\",\"inLanguage\":\"en-US\",\"@id\":\"https:\\\/\\\/www.kusthotelletstyrso.se\\\/en\\\/our-history\\\/#primaryimage\",\"url\":\"https:\\\/\\\/kusthotelletstyrso.se\\\/wp-content\\\/uploads\\\/2025\\\/02\\\/SOME-flode-11-12.png\",\"contentUrl\":\"https:\\\/\\\/kusthotelletstyrso.se\\\/wp-content\\\/uploads\\\/2025\\\/02\\\/SOME-flode-11-12.png\"},{\"@type\":\"BreadcrumbList\",\"@id\":\"https:\\\/\\\/www.kusthotelletstyrso.se\\\/en\\\/our-history\\\/#breadcrumb\",\"itemListElement\":[{\"@type\":\"ListItem\",\"position\":1,\"name\":\"Hem\",\"item\":\"https:\\\/\\\/kusthotelletstyrso.se\\\/en\\\/\"},{\"@type\":\"ListItem\",\"position\":2,\"name\":\"Our history\"}]},{\"@type\":\"WebSite\",\"@id\":\"http:\\\/\\\/www.kusthotelletstyrso.se\\\/en\\\/#website\",\"url\":\"http:\\\/\\\/www.kusthotelletstyrso.se\\\/en\\\/\",\"name\":\"Kusthotellet Styrs\u00f6\",\"description\":\"\",\"publisher\":{\"@id\":\"http:\\\/\\\/www.kusthotelletstyrso.se\\\/en\\\/#organization\"},\"potentialAction\":[{\"@type\":\"SearchAction\",\"target\":{\"@type\":\"EntryPoint\",\"urlTemplate\":\"http:\\\/\\\/www.kusthotelletstyrso.se\\\/en\\\/?s={search_term_string}\"},\"query-input\":{\"@type\":\"PropertyValueSpecification\",\"valueRequired\":true,\"valueName\":\"search_term_string\"}}],\"inLanguage\":\"en-US\"},{\"@type\":\"Organization\",\"@id\":\"http:\\\/\\\/www.kusthotelletstyrso.se\\\/en\\\/#organization\",\"name\":\"Kusthotellet Styrs\u00f6\",\"url\":\"http:\\\/\\\/www.kusthotelletstyrso.se\\\/en\\\/\",\"logo\":{\"@type\":\"ImageObject\",\"inLanguage\":\"en-US\",\"@id\":\"http:\\\/\\\/www.kusthotelletstyrso.se\\\/en\\\/#\\\/schema\\\/logo\\\/image\\\/\",\"url\":\"https:\\\/\\\/kusthotelletstyrso.se\\\/wp-content\\\/uploads\\\/2024\\\/06\\\/favicon.svg\",\"contentUrl\":\"https:\\\/\\\/kusthotelletstyrso.se\\\/wp-content\\\/uploads\\\/2024\\\/06\\\/favicon.svg\",\"width\":1,\"height\":1,\"caption\":\"Kusthotellet Styrs\u00f6\"},\"image\":{\"@id\":\"http:\\\/\\\/www.kusthotelletstyrso.se\\\/en\\\/#\\\/schema\\\/logo\\\/image\\\/\"},\"sameAs\":[\"https:\\\/\\\/www.facebook.com\\\/people\\\/Kusthotellet-Styrs\\\/61559885955403\\\/\"]}]}<\/script>\n<!-- \/ Yoast SEO plugin. -->","yoast_head_json":{"title":"Our history - Kusthotellet Styrs\u00f6","robots":{"index":"index","follow":"follow","max-snippet":"max-snippet:-1","max-image-preview":"max-image-preview:large","max-video-preview":"max-video-preview:-1"},"canonical":"https:\/\/www.kusthotelletstyrso.se\/en\/our-history\/","og_locale":"en_US","og_type":"article","og_title":"Our history - Kusthotellet Styrs\u00f6","og_url":"https:\/\/www.kusthotelletstyrso.se\/en\/our-history\/","og_site_name":"Kusthotellet Styrs\u00f6","article_publisher":"https:\/\/www.facebook.com\/people\/Kusthotellet-Styrs\/61559885955403\/","article_modified_time":"2026-02-08T17:35:46+00:00","og_image":[{"url":"https:\/\/kusthotelletstyrso.se\/wp-content\/uploads\/2025\/02\/SOME-flode-11-12.png","type":"","width":"","height":""}],"twitter_card":"summary_large_image","twitter_misc":{"Est. reading time":"2 minutes"},"schema":{"@context":"https:\/\/schema.org","@graph":[{"@type":"WebPage","@id":"https:\/\/www.kusthotelletstyrso.se\/en\/our-history\/","url":"https:\/\/www.kusthotelletstyrso.se\/en\/our-history\/","name":"Our history - Kusthotellet Styrs\u00f6","isPartOf":{"@id":"http:\/\/www.kusthotelletstyrso.se\/en\/#website"},"primaryImageOfPage":{"@id":"https:\/\/www.kusthotelletstyrso.se\/en\/our-history\/#primaryimage"},"image":{"@id":"https:\/\/www.kusthotelletstyrso.se\/en\/our-history\/#primaryimage"},"thumbnailUrl":"https:\/\/kusthotelletstyrso.se\/wp-content\/uploads\/2025\/02\/SOME-flode-11-12.png","datePublished":"2025-03-18T12:18:10+00:00","dateModified":"2026-02-08T17:35:46+00:00","breadcrumb":{"@id":"https:\/\/www.kusthotelletstyrso.se\/en\/our-history\/#breadcrumb"},"inLanguage":"en-US","potentialAction":[{"@type":"ReadAction","target":["https:\/\/www.kusthotelletstyrso.se\/en\/our-history\/"]}]},{"@type":"ImageObject","inLanguage":"en-US","@id":"https:\/\/www.kusthotelletstyrso.se\/en\/our-history\/#primaryimage","url":"https:\/\/kusthotelletstyrso.se\/wp-content\/uploads\/2025\/02\/SOME-flode-11-12.png","contentUrl":"https:\/\/kusthotelletstyrso.se\/wp-content\/uploads\/2025\/02\/SOME-flode-11-12.png"},{"@type":"BreadcrumbList","@id":"https:\/\/www.kusthotelletstyrso.se\/en\/our-history\/#breadcrumb","itemListElement":[{"@type":"ListItem","position":1,"name":"Hem","item":"https:\/\/kusthotelletstyrso.se\/en\/"},{"@type":"ListItem","position":2,"name":"Our history"}]},{"@type":"WebSite","@id":"http:\/\/www.kusthotelletstyrso.se\/en\/#website","url":"http:\/\/www.kusthotelletstyrso.se\/en\/","name":"Kusthotellet Styrs\u00f6","description":"","publisher":{"@id":"http:\/\/www.kusthotelletstyrso.se\/en\/#organization"},"potentialAction":[{"@type":"SearchAction","target":{"@type":"EntryPoint","urlTemplate":"http:\/\/www.kusthotelletstyrso.se\/en\/?s={search_term_string}"},"query-input":{"@type":"PropertyValueSpecification","valueRequired":true,"valueName":"search_term_string"}}],"inLanguage":"en-US"},{"@type":"Organization","@id":"http:\/\/www.kusthotelletstyrso.se\/en\/#organization","name":"Kusthotellet Styrs\u00f6","url":"http:\/\/www.kusthotelletstyrso.se\/en\/","logo":{"@type":"ImageObject","inLanguage":"en-US","@id":"http:\/\/www.kusthotelletstyrso.se\/en\/#\/schema\/logo\/image\/","url":"https:\/\/kusthotelletstyrso.se\/wp-content\/uploads\/2024\/06\/favicon.svg","contentUrl":"https:\/\/kusthotelletstyrso.se\/wp-content\/uploads\/2024\/06\/favicon.svg","width":1,"height":1,"caption":"Kusthotellet Styrs\u00f6"},"image":{"@id":"http:\/\/www.kusthotelletstyrso.se\/en\/#\/schema\/logo\/image\/"},"sameAs":["https:\/\/www.facebook.com\/people\/Kusthotellet-Styrs\/61559885955403\/"]}]}},"_links":{"self":[{"href":"https:\/\/www.kusthotelletstyrso.se\/en\/wp-json\/wp\/v2\/pages\/2782","targetHints":{"allow":["GET"]}}],"collection":[{"href":"https:\/\/www.kusthotelletstyrso.se\/en\/wp-json\/wp\/v2\/pages"}],"about":[{"href":"https:\/\/www.kusthotelletstyrso.se\/en\/wp-json\/wp\/v2\/types\/page"}],"author":[{"embeddable":true,"href":"https:\/\/www.kusthotelletstyrso.se\/en\/wp-json\/wp\/v2\/users\/2"}],"replies":[{"embeddable":true,"href":"https:\/\/www.kusthotelletstyrso.se\/en\/wp-json\/wp\/v2\/comments?post=2782"}],"version-history":[{"count":9,"href":"https:\/\/www.kusthotelletstyrso.se\/en\/wp-json\/wp\/v2\/pages\/2782\/revisions"}],"predecessor-version":[{"id":5290,"href":"https:\/\/www.kusthotelletstyrso.se\/en\/wp-json\/wp\/v2\/pages\/2782\/revisions\/5290"}],"wp:attachment":[{"href":"https:\/\/www.kusthotelletstyrso.se\/en\/wp-json\/wp\/v2\/media?parent=2782"}],"curies":[{"name":"wp","href":"https:\/\/api.w.org\/{rel}","templated":true}]}}